{"id":210,"date":"2020-05-04T19:54:46","date_gmt":"2020-05-04T19:54:46","guid":{"rendered":"https:\/\/studioluce.com.ar\/tiendaonline\/?page_id=210"},"modified":"2020-06-23T13:44:21","modified_gmt":"2020-06-23T13:44:21","slug":"informacion-sobre-envios","status":"publish","type":"page","link":"https:\/\/studioluce.com.ar\/webstore\/informacion-sobre-envios\/","title":{"rendered":"Informaci\u00f3n sobre Env\u00edos"},"content":{"rendered":"<p>[et_pb_section fb_built=\u00bb1&#8243; _builder_version=\u00bb4.4.5&#8243;][et_pb_row _builder_version=\u00bb4.4.8&#8243; hover_enabled=\u00bb0&#8243; column_structure=\u00bb1_4,3_4&#8243; custom_margin=\u00bb|||2em|false|false\u00bb][et_pb_column type=\u00bb1_4&#8243; _builder_version=\u00bb4.4.5&#8243;][et_pb_sidebar _builder_version=\u00bb4.4.8&#8243; hover_enabled=\u00bb0&#8243;][\/et_pb_sidebar][\/et_pb_column][et_pb_column type=\u00bb3_4&#8243; _builder_version=\u00bb4.4.5&#8243;][et_pb_text _builder_version=\u00bb4.4.5&#8243;]<\/p>\n<h2>Informaci\u00f3n sobre env\u00edos<\/h2>\n<p>&nbsp;<\/p>\n<p>Los env\u00edos se realizan sin cargo dentro de los 10 d\u00edas posteriores a su compra.<\/p>\n<p>En las localidades comprendidas en el AMBA. Horario de lunes a viernes de 9 a 18hs.<\/p>\n<p>Para los que no correspondan al AMBA, se despachan en el expreso indicado.<\/p>\n<p>Para ambos casos les pedimos completar los datos de env\u00edo requeridos al procesar su solicitud.<\/p>\n<p>Tambi\u00e9n se pueden retirar dentro las 48 horas por sucursal Palermo El Salvador 5762 \u2013 en ese caso, elegir la opci\u00f3n <strong>retiro en sucursal<\/strong>. Horario de lunes a viernes de 10 a 19 \u2013 s\u00e1bados de 10 a 14hs<\/p>\n<p>EMITIMOS FACTURA A O B<\/p>\n<p>&nbsp;<\/p>\n<p>&nbsp;<\/p>\n<p><strong><\/strong><\/p>\n<p>&nbsp;<\/p>\n<p>&nbsp;<\/p>\n<p>[\/et_pb_text][\/et_pb_column][\/et_pb_row][\/et_pb_section]<\/p>\n","protected":false},"excerpt":{"rendered":"<p>[et_pb_section fb_built=\u00bb1&#8243; _builder_version=\u00bb4.4.5&#8243;][et_pb_row _builder_version=\u00bb4.4.8&#8243; hover_enabled=\u00bb0&#8243; column_structure=\u00bb1_4,3_4&#8243; custom_margin=\u00bb|||2em|false|false\u00bb][et_pb_column type=\u00bb1_4&#8243; _builder_version=\u00bb4.4.5&#8243;][et_pb_sidebar _builder_version=\u00bb4.4.8&#8243; hover_enabled=\u00bb0&#8243;][\/et_pb_sidebar][\/et_pb_column][et_pb_column type=\u00bb3_4&#8243; _builder_version=\u00bb4.4.5&#8243;][et_pb_text _builder_version=\u00bb4.4.5&#8243;] Informaci\u00f3n sobre env\u00edos &nbsp; Los env\u00edos se realizan sin cargo dentro de los 10 d\u00edas posteriores a su compra. En las localidades comprendidas en el AMBA. Horario de lunes a viernes de 9 a 18hs. Para los que no correspondan al [&hellip;]<\/p>\n","protected":false},"author":1,"featured_media":0,"parent":0,"menu_order":0,"comment_status":"closed","ping_status":"closed","template":"","meta":{"_et_pb_use_builder":"on","_et_pb_old_content":"","_et_gb_content_width":""},"_links":{"self":[{"href":"https:\/\/studioluce.com.ar\/webstore\/wp-json\/wp\/v2\/pages\/210"}],"collection":[{"href":"https:\/\/studioluce.com.ar\/webstore\/wp-json\/wp\/v2\/pages"}],"about":[{"href":"https:\/\/studioluce.com.ar\/webstore\/wp-json\/wp\/v2\/types\/page"}],"author":[{"embeddable":true,"href":"https:\/\/studioluce.com.ar\/webstore\/wp-json\/wp\/v2\/users\/1"}],"replies":[{"embeddable":true,"href":"https:\/\/studioluce.com.ar\/webstore\/wp-json\/wp\/v2\/comments?post=210"}],"version-history":[{"count":3,"href":"https:\/\/studioluce.com.ar\/webstore\/wp-json\/wp\/v2\/pages\/210\/revisions"}],"predecessor-version":[{"id":566,"href":"https:\/\/studioluce.com.ar\/webstore\/wp-json\/wp\/v2\/pages\/210\/revisions\/566"}],"wp:attachment":[{"href":"https:\/\/studioluce.com.ar\/webstore\/wp-json\/wp\/v2\/media?parent=210"}],"curies":[{"name":"wp","href":"https:\/\/api.w.org\/{rel}","templated":true}]}}